{"id":234274,"date":"2023-01-24T12:50:15","date_gmt":"2023-01-24T17:50:15","guid":{"rendered":"https:\/\/www.techsmith.com\/learn\/webinar-recordings\/"},"modified":"2024-06-03T13:22:49","modified_gmt":"2024-06-03T17:22:49","slug":"grabaciones-de-seminarios-web","status":"publish","type":"page","link":"https:\/\/www.techsmith.es\/learn\/grabaciones-de-seminarios-web\/","title":{"rendered":"Gradations de seminarios web"},"content":{"rendered":"\n<p>Participa con nosotros en nuestros seminarios web gratuitos para obtener m\u00e1s informaci\u00f3n sobre Snagit y Camtasia, y descubrir las pr\u00e1cticas recomendadas para crear contenido visual de mejor calidad.<\/p>\n","protected":false},"excerpt":{"rendered":"<p>Participa con nosotros en nuestros seminarios web gratuitos para obtener m\u00e1s informaci\u00f3n sobre Snagit y Camtasia, y descubrir las pr\u00e1cticas recomendadas para crear contenido visual de mejor calidad.<\/p>\n","protected":false},"author":73,"featured_media":234271,"parent":0,"menu_order":0,"comment_status":"closed","ping_status":"closed","template":"templates\/past-webinars-page.php","meta":{"_acf_changed":false,"footnotes":""},"folder":[],"class_list":["post-234274","page","type-page","status-publish","has-post-thumbnail","hentry"],"acf":[],"yoast_head":"<!-- This site is optimized with the Yoast SEO Premium plugin v23.4 (Yoast SEO v27.5) - https:\/\/yoast.com\/product\/yoast-seo-premium-wordpress\/ -->\n<title>Gradations de seminarios web | TechSmith Learn<\/title>\n<meta name=\"robots\" content=\"index, follow, max-snippet:-1, max-image-preview:large, max-video-preview:-1\" \/>\n<link rel=\"canonical\" href=\"https:\/\/www.techsmith.es\/learn\/grabaciones-de-seminarios-web\/\" \/>\n<meta property=\"og:locale\" content=\"es_ES\" \/>\n<meta property=\"og:type\" content=\"article\" \/>\n<meta property=\"og:title\" content=\"Gradations de seminarios web\" \/>\n<meta property=\"og:description\" content=\"Participa con nosotros en nuestros seminarios web gratuitos para obtener m\u00e1s informaci\u00f3n sobre Snagit y Camtasia, y descubrir las pr\u00e1cticas recomendadas para crear contenido visual de mejor calidad.\" \/>\n<meta property=\"og:url\" content=\"https:\/\/www.techsmith.es\/learn\/grabaciones-de-seminarios-web\/\" \/>\n<meta property=\"og:site_name\" content=\"TechSmith Learn\" \/>\n<meta property=\"article:modified_time\" content=\"2024-06-03T17:22:49+00:00\" \/>\n<meta property=\"og:image\" content=\"https:\/\/www.techsmith.com\/learn\/wp-content\/uploads\/2023\/01\/Webinar-header-logo.png\" \/>\n\t<meta property=\"og:image:width\" content=\"236\" \/>\n\t<meta property=\"og:image:height\" content=\"172\" \/>\n\t<meta property=\"og:image:type\" content=\"image\/png\" \/>\n<meta name=\"twitter:card\" content=\"summary_large_image\" \/>\n<meta name=\"twitter:label1\" content=\"Est. reading time\" \/>\n\t<meta name=\"twitter:data1\" content=\"1 minute\" \/>\n<script type=\"application\/ld+json\" class=\"yoast-schema-graph\">{\"@context\":\"https:\\\/\\\/schema.org\",\"@graph\":[{\"@type\":\"WebPage\",\"@id\":\"https:\\\/\\\/www.techsmith.es\\\/learn\\\/grabaciones-de-seminarios-web\\\/\",\"url\":\"https:\\\/\\\/www.techsmith.es\\\/learn\\\/grabaciones-de-seminarios-web\\\/\",\"name\":\"Gradations de seminarios web | TechSmith Learn\",\"isPartOf\":{\"@id\":\"https:\\\/\\\/www.techsmith.es\\\/learn\\\/#website\"},\"primaryImageOfPage\":{\"@id\":\"https:\\\/\\\/www.techsmith.es\\\/learn\\\/grabaciones-de-seminarios-web\\\/#primaryimage\"},\"image\":{\"@id\":\"https:\\\/\\\/www.techsmith.es\\\/learn\\\/grabaciones-de-seminarios-web\\\/#primaryimage\"},\"thumbnailUrl\":\"https:\\\/\\\/www.techsmith.es\\\/learn\\\/wp-content\\\/uploads\\\/2023\\\/01\\\/Webinar-header-logo.png\",\"datePublished\":\"2023-01-24T17:50:15+00:00\",\"dateModified\":\"2024-06-03T17:22:49+00:00\",\"inLanguage\":\"es-ES\",\"potentialAction\":[{\"@type\":\"ReadAction\",\"target\":[\"https:\\\/\\\/www.techsmith.es\\\/learn\\\/grabaciones-de-seminarios-web\\\/\"]}]},{\"@type\":\"ImageObject\",\"inLanguage\":\"es-ES\",\"@id\":\"https:\\\/\\\/www.techsmith.es\\\/learn\\\/grabaciones-de-seminarios-web\\\/#primaryimage\",\"url\":\"https:\\\/\\\/www.techsmith.es\\\/learn\\\/wp-content\\\/uploads\\\/2023\\\/01\\\/Webinar-header-logo.png\",\"contentUrl\":\"https:\\\/\\\/www.techsmith.es\\\/learn\\\/wp-content\\\/uploads\\\/2023\\\/01\\\/Webinar-header-logo.png\",\"width\":236,\"height\":172,\"caption\":\"black floating box with computer screen on it with person talking\"},{\"@type\":\"WebSite\",\"@id\":\"https:\\\/\\\/www.techsmith.es\\\/learn\\\/#website\",\"url\":\"https:\\\/\\\/www.techsmith.es\\\/learn\\\/\",\"name\":\"TechSmith Learn\",\"description\":\"Show What You Know\",\"publisher\":{\"@id\":\"https:\\\/\\\/www.techsmith.es\\\/learn\\\/#organization\"},\"potentialAction\":[{\"@type\":\"SearchAction\",\"target\":{\"@type\":\"EntryPoint\",\"urlTemplate\":\"https:\\\/\\\/www.techsmith.es\\\/learn\\\/?s={search_term_string}\"},\"query-input\":{\"@type\":\"PropertyValueSpecification\",\"valueRequired\":true,\"valueName\":\"search_term_string\"}}],\"inLanguage\":\"es-ES\"},{\"@type\":\"Organization\",\"@id\":\"https:\\\/\\\/www.techsmith.es\\\/learn\\\/#organization\",\"name\":\"TechSmith Corporation\",\"url\":\"https:\\\/\\\/www.techsmith.es\\\/learn\\\/\",\"logo\":{\"@type\":\"ImageObject\",\"inLanguage\":\"es-ES\",\"@id\":\"https:\\\/\\\/www.techsmith.es\\\/learn\\\/#\\\/schema\\\/logo\\\/image\\\/\",\"url\":\"https:\\\/\\\/www.techsmith.es\\\/learn\\\/wp-content\\\/uploads\\\/2021\\\/09\\\/techsmith-logo.png\",\"contentUrl\":\"https:\\\/\\\/www.techsmith.es\\\/learn\\\/wp-content\\\/uploads\\\/2021\\\/09\\\/techsmith-logo.png\",\"width\":1307,\"height\":390,\"caption\":\"TechSmith Corporation\"},\"image\":{\"@id\":\"https:\\\/\\\/www.techsmith.es\\\/learn\\\/#\\\/schema\\\/logo\\\/image\\\/\"}}]}<\/script>\n<!-- \/ Yoast SEO Premium plugin. -->","yoast_head_json":{"title":"Gradations de seminarios web | TechSmith Learn","robots":{"index":"index","follow":"follow","max-snippet":"max-snippet:-1","max-image-preview":"max-image-preview:large","max-video-preview":"max-video-preview:-1"},"canonical":"https:\/\/www.techsmith.es\/learn\/grabaciones-de-seminarios-web\/","og_locale":"es_ES","og_type":"article","og_title":"Gradations de seminarios web","og_description":"Participa con nosotros en nuestros seminarios web gratuitos para obtener m\u00e1s informaci\u00f3n sobre Snagit y Camtasia, y descubrir las pr\u00e1cticas recomendadas para crear contenido visual de mejor calidad.","og_url":"https:\/\/www.techsmith.es\/learn\/grabaciones-de-seminarios-web\/","og_site_name":"TechSmith Learn","article_modified_time":"2024-06-03T17:22:49+00:00","og_image":[{"width":236,"height":172,"url":"https:\/\/www.techsmith.com\/learn\/wp-content\/uploads\/2023\/01\/Webinar-header-logo.png","type":"image\/png"}],"twitter_card":"summary_large_image","twitter_misc":{"Est. reading time":"1 minute"},"schema":{"@context":"https:\/\/schema.org","@graph":[{"@type":"WebPage","@id":"https:\/\/www.techsmith.es\/learn\/grabaciones-de-seminarios-web\/","url":"https:\/\/www.techsmith.es\/learn\/grabaciones-de-seminarios-web\/","name":"Gradations de seminarios web | TechSmith Learn","isPartOf":{"@id":"https:\/\/www.techsmith.es\/learn\/#website"},"primaryImageOfPage":{"@id":"https:\/\/www.techsmith.es\/learn\/grabaciones-de-seminarios-web\/#primaryimage"},"image":{"@id":"https:\/\/www.techsmith.es\/learn\/grabaciones-de-seminarios-web\/#primaryimage"},"thumbnailUrl":"https:\/\/www.techsmith.es\/learn\/wp-content\/uploads\/2023\/01\/Webinar-header-logo.png","datePublished":"2023-01-24T17:50:15+00:00","dateModified":"2024-06-03T17:22:49+00:00","inLanguage":"es-ES","potentialAction":[{"@type":"ReadAction","target":["https:\/\/www.techsmith.es\/learn\/grabaciones-de-seminarios-web\/"]}]},{"@type":"ImageObject","inLanguage":"es-ES","@id":"https:\/\/www.techsmith.es\/learn\/grabaciones-de-seminarios-web\/#primaryimage","url":"https:\/\/www.techsmith.es\/learn\/wp-content\/uploads\/2023\/01\/Webinar-header-logo.png","contentUrl":"https:\/\/www.techsmith.es\/learn\/wp-content\/uploads\/2023\/01\/Webinar-header-logo.png","width":236,"height":172,"caption":"black floating box with computer screen on it with person talking"},{"@type":"WebSite","@id":"https:\/\/www.techsmith.es\/learn\/#website","url":"https:\/\/www.techsmith.es\/learn\/","name":"TechSmith Learn","description":"Show What You Know","publisher":{"@id":"https:\/\/www.techsmith.es\/learn\/#organization"},"potentialAction":[{"@type":"SearchAction","target":{"@type":"EntryPoint","urlTemplate":"https:\/\/www.techsmith.es\/learn\/?s={search_term_string}"},"query-input":{"@type":"PropertyValueSpecification","valueRequired":true,"valueName":"search_term_string"}}],"inLanguage":"es-ES"},{"@type":"Organization","@id":"https:\/\/www.techsmith.es\/learn\/#organization","name":"TechSmith Corporation","url":"https:\/\/www.techsmith.es\/learn\/","logo":{"@type":"ImageObject","inLanguage":"es-ES","@id":"https:\/\/www.techsmith.es\/learn\/#\/schema\/logo\/image\/","url":"https:\/\/www.techsmith.es\/learn\/wp-content\/uploads\/2021\/09\/techsmith-logo.png","contentUrl":"https:\/\/www.techsmith.es\/learn\/wp-content\/uploads\/2021\/09\/techsmith-logo.png","width":1307,"height":390,"caption":"TechSmith Corporation"},"image":{"@id":"https:\/\/www.techsmith.es\/learn\/#\/schema\/logo\/image\/"}}]}},"_links":{"self":[{"href":"https:\/\/www.techsmith.es\/learn\/wp-json\/wp\/v2\/pages\/234274","targetHints":{"allow":["GET"]}}],"collection":[{"href":"https:\/\/www.techsmith.es\/learn\/wp-json\/wp\/v2\/pages"}],"about":[{"href":"https:\/\/www.techsmith.es\/learn\/wp-json\/wp\/v2\/types\/page"}],"author":[{"embeddable":true,"href":"https:\/\/www.techsmith.es\/learn\/wp-json\/wp\/v2\/users\/73"}],"replies":[{"embeddable":true,"href":"https:\/\/www.techsmith.es\/learn\/wp-json\/wp\/v2\/comments?post=234274"}],"version-history":[{"count":2,"href":"https:\/\/www.techsmith.es\/learn\/wp-json\/wp\/v2\/pages\/234274\/revisions"}],"predecessor-version":[{"id":251047,"href":"https:\/\/www.techsmith.es\/learn\/wp-json\/wp\/v2\/pages\/234274\/revisions\/251047"}],"wp:featuredmedia":[{"embeddable":true,"href":"https:\/\/www.techsmith.es\/learn\/wp-json\/wp\/v2\/media\/234271"}],"wp:attachment":[{"href":"https:\/\/www.techsmith.es\/learn\/wp-json\/wp\/v2\/media?parent=234274"}],"wp:term":[{"taxonomy":"folder","embeddable":true,"href":"https:\/\/www.techsmith.es\/learn\/wp-json\/wp\/v2\/folder?post=234274"}],"curies":[{"name":"wp","href":"https:\/\/api.w.org\/{rel}","templated":true}]}}